{"id":160,"date":"2026-01-08T13:53:58","date_gmt":"2026-01-08T13:53:58","guid":{"rendered":"https:\/\/ingilizcekaynaklari.com\/?page_id=160"},"modified":"2026-01-09T15:59:27","modified_gmt":"2026-01-09T12:59:27","slug":"hosgeldiniz","status":"publish","type":"page","link":"https:\/\/ingilizcekaynaklari.com\/","title":{"rendered":"Ho\u015fgeldiniz"},"content":{"rendered":"\t\t<div data-elementor-type=\"wp-page\" data-elementor-id=\"160\" class=\"elementor elementor-160\">\n\t\t\t\t<div class=\"elementor-element elementor-element-b2a3bcb e-flex e-con-boxed e-con e-parent\" data-id=\"b2a3bcb\" data-element_type=\"container\">\n\t\t\t\t\t<div class=\"e-con-inner\">\n\t\t<div class=\"elementor-element elementor-element-1e899cd e-con-full e-flex e-con e-child\" data-id=\"1e899cd\" data-element_type=\"container\">\n\t\t\t\t<div class=\"elementor-element elementor-element-01c9957 elementor-widget elementor-widget-heading\" data-id=\"01c9957\" data-element_type=\"widget\" data-widget_type=\"heading.default\">\n\t\t\t\t\t<h2 class=\"elementor-heading-title elementor-size-default\">En son:<\/h2>\t\t\t\t<\/div>\n\t\t\t\t<\/div>\n\t\t\t\t<div class=\"elementor-element elementor-element-664306a elementor-widget elementor-widget-hfe-basic-posts\" data-id=\"664306a\" data-element_type=\"widget\" data-widget_type=\"hfe-basic-posts.default\">\n\t\t\t\t<div class=\"elementor-widget-container\">\n\t\t\t\t\t\n<div class=\"hfe-posts-grid\">\n\t\t\t<article class=\"hfe-post-card\">\n\t\t\t\t\t\t\t<div class=\"hfe-post-image\">\n\t\t\t\t\t<a href=\"https:\/\/ingilizcekaynaklari.com\/?p=414\" rel=\"bookmark\">\n\t\t\t\t\t\t<img loading=\"lazy\" decoding=\"async\" width=\"300\" height=\"244\" src=\"https:\/\/ingilizcekaynaklari.com\/wp-content\/uploads\/2026\/01\/gorsel_2026-01-11_220601819-300x244.png\" class=\"attachment-medium size-medium wp-post-image\" alt=\"5. S\u0131n\u0131f \u0130ngilizce: &#8220;Life in the World&#8221; Temas\u0131 &#8211; Maarif Modeli Uyumlu \u00c7al\u0131\u015fma Ka\u011f\u0131d\u0131 ve Etkinlikler\" loading=\"lazy\" srcset=\"https:\/\/ingilizcekaynaklari.com\/wp-content\/uploads\/2026\/01\/gorsel_2026-01-11_220601819-300x244.png 300w, https:\/\/ingilizcekaynaklari.com\/wp-content\/uploads\/2026\/01\/gorsel_2026-01-11_220601819.png 638w\" sizes=\"auto, (max-width: 300px) 100vw, 300px\" \/>\t\t\t\t\t<\/a>\n\t\t\t\t<\/div>\n\t\t\t\n\t\t\t<div class=\"hfe-post-content\">\n\t\t\t\t\t\t\t\t\t<h3 class=\"hfe-post-title\">\n\t\t\t\t\t\t<a href=\"https:\/\/ingilizcekaynaklari.com\/?p=414\" rel=\"bookmark\">\n\t\t\t\t\t\t\t5. S\u0131n\u0131f \u0130ngilizce: &#8220;Life in the World&#8221; Temas\u0131 &#8211; Maarif Modeli Uyumlu \u00c7al\u0131\u015fma Ka\u011f\u0131d\u0131 ve Etkinlikler\t\t\t\t\t\t<\/a>\n\t\t\t\t\t<\/h3>\n\t\t\t\t\n\t\t\t\t\t\t\t\t\t<div class=\"hfe-post-meta\">\n\t\t\t\t\t\t<span class=\"hfe-post-date\">Ocak 11, 2026<\/span><span class=\"hfe-meta-separator\"> | <\/span><span class=\"hfe-post-author\">by admin<\/span>\t\t\t\t\t<\/div>\n\t\t\t\t\n\t\t\t\t\t\t\t\t\t<div class=\"hfe-post-excerpt\">\n\t\t\t\t\t\tDe\u011ferli meslekta\u015flar\u0131m ve sevgili \u00f6\u011frenciler, 2024-2025 e\u011fitim \u00f6\u011fretim y\u0131l\u0131 ile birlikte hayat\u0131m\u0131za giren T\u00fcrkiye Y\u00fczy\u0131l\u0131 Maarif Modeli, \u0130ngilizce derslerinde de...\t\t\t\t\t<\/div>\n\t\t\t\t\n\t\t\t\t\t\t\t\t\t<a href=\"https:\/\/ingilizcekaynaklari.com\/?p=414\" class=\"hfe-read-more\" rel=\"bookmark\">\n\t\t\t\t\t\tDaha Fazla \u2192\t\t\t\t\t<\/a>\n\t\t\t\t\t\t\t<\/div>\n\t\t<\/article>\n\t\t\t\t<article class=\"hfe-post-card\">\n\t\t\t\t\t\t\t<div class=\"hfe-post-image\">\n\t\t\t\t\t<a href=\"https:\/\/ingilizcekaynaklari.com\/?p=389\" rel=\"bookmark\">\n\t\t\t\t\t\t<img loading=\"lazy\" decoding=\"async\" width=\"300\" height=\"150\" src=\"https:\/\/ingilizcekaynaklari.com\/wp-content\/uploads\/2026\/01\/Screenshot_114-300x150.png\" class=\"attachment-medium size-medium wp-post-image\" alt=\"If Clause Type 1 &#038; Type 2 \u0130nteraktif Oyun [\u00dccretsiz]\" loading=\"lazy\" srcset=\"https:\/\/ingilizcekaynaklari.com\/wp-content\/uploads\/2026\/01\/Screenshot_114-300x150.png 300w, https:\/\/ingilizcekaynaklari.com\/wp-content\/uploads\/2026\/01\/Screenshot_114-1024x513.png 1024w, https:\/\/ingilizcekaynaklari.com\/wp-content\/uploads\/2026\/01\/Screenshot_114-768x385.png 768w, https:\/\/ingilizcekaynaklari.com\/wp-content\/uploads\/2026\/01\/Screenshot_114-1536x770.png 1536w, https:\/\/ingilizcekaynaklari.com\/wp-content\/uploads\/2026\/01\/Screenshot_114.png 1862w\" sizes=\"auto, (max-width: 300px) 100vw, 300px\" \/>\t\t\t\t\t<\/a>\n\t\t\t\t<\/div>\n\t\t\t\n\t\t\t<div class=\"hfe-post-content\">\n\t\t\t\t\t\t\t\t\t<h3 class=\"hfe-post-title\">\n\t\t\t\t\t\t<a href=\"https:\/\/ingilizcekaynaklari.com\/?p=389\" rel=\"bookmark\">\n\t\t\t\t\t\t\tIf Clause Type 1 &#038; Type 2 \u0130nteraktif Oyun [\u00dccretsiz]\t\t\t\t\t\t<\/a>\n\t\t\t\t\t<\/h3>\n\t\t\t\t\n\t\t\t\t\t\t\t\t\t<div class=\"hfe-post-meta\">\n\t\t\t\t\t\t<span class=\"hfe-post-date\">Ocak 11, 2026<\/span><span class=\"hfe-meta-separator\"> | <\/span><span class=\"hfe-post-author\">by admin<\/span>\t\t\t\t\t<\/div>\n\t\t\t\t\n\t\t\t\t\t\t\t\t\t<div class=\"hfe-post-excerpt\">\n\t\t\t\t\t\tIf Clause Type 1 &amp; Type 2 Mini Oyun Bug\u00fcn harika bir oyunla kar\u015f\u0131n\u0131zday\u0131z. Bu oyunda If Clause Type 1...\t\t\t\t\t<\/div>\n\t\t\t\t\n\t\t\t\t\t\t\t\t\t<a href=\"https:\/\/ingilizcekaynaklari.com\/?p=389\" class=\"hfe-read-more\" rel=\"bookmark\">\n\t\t\t\t\t\tDaha Fazla \u2192\t\t\t\t\t<\/a>\n\t\t\t\t\t\t\t<\/div>\n\t\t<\/article>\n\t\t\t\t<article class=\"hfe-post-card\">\n\t\t\t\t\t\t\t<div class=\"hfe-post-image\">\n\t\t\t\t\t<a href=\"https:\/\/ingilizcekaynaklari.com\/?p=367\" rel=\"bookmark\">\n\t\t\t\t\t\t<img loading=\"lazy\" decoding=\"async\" width=\"257\" height=\"300\" src=\"https:\/\/ingilizcekaynaklari.com\/wp-content\/uploads\/2026\/01\/Screenshot_113-257x300.png\" class=\"attachment-medium size-medium wp-post-image\" alt=\"5. S\u0131n\u0131f \u0130ngilizce: Classroom Life Temas\u0131 &#8211; T\u00fcrkiye Y\u00fczy\u0131l\u0131 Maarif Modeli Uyumlu \u00c7al\u0131\u015fma Ka\u011f\u0131d\u0131 (Worksheet)\" loading=\"lazy\" srcset=\"https:\/\/ingilizcekaynaklari.com\/wp-content\/uploads\/2026\/01\/Screenshot_113-257x300.png 257w, https:\/\/ingilizcekaynaklari.com\/wp-content\/uploads\/2026\/01\/Screenshot_113.png 672w\" sizes=\"auto, (max-width: 257px) 100vw, 257px\" \/>\t\t\t\t\t<\/a>\n\t\t\t\t<\/div>\n\t\t\t\n\t\t\t<div class=\"hfe-post-content\">\n\t\t\t\t\t\t\t\t\t<h3 class=\"hfe-post-title\">\n\t\t\t\t\t\t<a href=\"https:\/\/ingilizcekaynaklari.com\/?p=367\" rel=\"bookmark\">\n\t\t\t\t\t\t\t5. S\u0131n\u0131f \u0130ngilizce: Classroom Life Temas\u0131 &#8211; T\u00fcrkiye Y\u00fczy\u0131l\u0131 Maarif Modeli Uyumlu \u00c7al\u0131\u015fma Ka\u011f\u0131d\u0131 (Worksheet)\t\t\t\t\t\t<\/a>\n\t\t\t\t\t<\/h3>\n\t\t\t\t\n\t\t\t\t\t\t\t\t\t<div class=\"hfe-post-meta\">\n\t\t\t\t\t\t<span class=\"hfe-post-date\">Ocak 11, 2026<\/span><span class=\"hfe-meta-separator\"> | <\/span><span class=\"hfe-post-author\">by admin<\/span>\t\t\t\t\t<\/div>\n\t\t\t\t\n\t\t\t\t\t\t\t\t\t<div class=\"hfe-post-excerpt\">\n\t\t\t\t\t\t5. S\u0131n\u0131f \u0130ngilizce: Classroom Life Temas\u0131 &#8211; T\u00fcrkiye Y\u00fczy\u0131l\u0131 Maarif Modeli Uyumlu \u00c7al\u0131\u015fma Ka\u011f\u0131d\u0131 (Worksheet) Merhaba sevgili \u00f6\u011frenciler ve de\u011ferli...\t\t\t\t\t<\/div>\n\t\t\t\t\n\t\t\t\t\t\t\t\t\t<a href=\"https:\/\/ingilizcekaynaklari.com\/?p=367\" class=\"hfe-read-more\" rel=\"bookmark\">\n\t\t\t\t\t\tDaha Fazla \u2192\t\t\t\t\t<\/a>\n\t\t\t\t\t\t\t<\/div>\n\t\t<\/article>\n\t\t\t\t<article class=\"hfe-post-card\">\n\t\t\t\t\t\t\t<div class=\"hfe-post-image\">\n\t\t\t\t\t<a href=\"https:\/\/ingilizcekaynaklari.com\/?p=348\" rel=\"bookmark\">\n\t\t\t\t\t\t<img loading=\"lazy\" decoding=\"async\" width=\"300\" height=\"167\" src=\"https:\/\/ingilizcekaynaklari.com\/wp-content\/uploads\/2026\/01\/ielts2-300x167.jpg\" class=\"attachment-medium size-medium wp-post-image\" alt=\"[\u00dcCRETS\u0130Z] IELTS Reading Kayna\u011f\u0131: &#8220;The Science of Speed&#8221;\" loading=\"lazy\" srcset=\"https:\/\/ingilizcekaynaklari.com\/wp-content\/uploads\/2026\/01\/ielts2-300x167.jpg 300w, https:\/\/ingilizcekaynaklari.com\/wp-content\/uploads\/2026\/01\/ielts2-1024x572.jpg 1024w, https:\/\/ingilizcekaynaklari.com\/wp-content\/uploads\/2026\/01\/ielts2-768x429.jpg 768w, https:\/\/ingilizcekaynaklari.com\/wp-content\/uploads\/2026\/01\/ielts2.jpg 1376w\" sizes=\"auto, (max-width: 300px) 100vw, 300px\" \/>\t\t\t\t\t<\/a>\n\t\t\t\t<\/div>\n\t\t\t\n\t\t\t<div class=\"hfe-post-content\">\n\t\t\t\t\t\t\t\t\t<h3 class=\"hfe-post-title\">\n\t\t\t\t\t\t<a href=\"https:\/\/ingilizcekaynaklari.com\/?p=348\" rel=\"bookmark\">\n\t\t\t\t\t\t\t[\u00dcCRETS\u0130Z] IELTS Reading Kayna\u011f\u0131: &#8220;The Science of Speed&#8221;\t\t\t\t\t\t<\/a>\n\t\t\t\t\t<\/h3>\n\t\t\t\t\n\t\t\t\t\t\t\t\t\t<div class=\"hfe-post-meta\">\n\t\t\t\t\t\t<span class=\"hfe-post-date\">Ocak 9, 2026<\/span><span class=\"hfe-meta-separator\"> | <\/span><span class=\"hfe-post-author\">by admin<\/span>\t\t\t\t\t<\/div>\n\t\t\t\t\n\t\t\t\t\t\t\t\t\t<div class=\"hfe-post-excerpt\">\n\t\t\t\t\t\t[\u00dcCRETS\u0130Z] IELTS Reading \u00c7al\u0131\u015fmas\u0131: &#8220;The Science of Speed&#8221; (Spor ve Teknoloji) IELTS Reading b\u00f6l\u00fcm\u00fcnde y\u00fcksek skor (Band 7.0+) hedefleyen \u00f6\u011frencilerim...\t\t\t\t\t<\/div>\n\t\t\t\t\n\t\t\t\t\t\t\t\t\t<a href=\"https:\/\/ingilizcekaynaklari.com\/?p=348\" class=\"hfe-read-more\" rel=\"bookmark\">\n\t\t\t\t\t\tDaha Fazla \u2192\t\t\t\t\t<\/a>\n\t\t\t\t\t\t\t<\/div>\n\t\t<\/article>\n\t\t\t\t<article class=\"hfe-post-card\">\n\t\t\t\t\t\t\t<div class=\"hfe-post-image\">\n\t\t\t\t\t<a href=\"https:\/\/ingilizcekaynaklari.com\/?p=278\" rel=\"bookmark\">\n\t\t\t\t\t\t<img loading=\"lazy\" decoding=\"async\" width=\"300\" height=\"227\" src=\"https:\/\/ingilizcekaynaklari.com\/wp-content\/uploads\/2026\/01\/5sinif2donem1yazili-300x227.webp\" class=\"attachment-medium size-medium wp-post-image\" alt=\"[2026]\ud83d\udcd8 5. S\u0131n\u0131f \u0130ngilizce 2. D\u00f6nem 1. Yaz\u0131l\u0131 \u2013 \u00dccretsiz PDF\" loading=\"lazy\" srcset=\"https:\/\/ingilizcekaynaklari.com\/wp-content\/uploads\/2026\/01\/5sinif2donem1yazili-300x227.webp 300w, https:\/\/ingilizcekaynaklari.com\/wp-content\/uploads\/2026\/01\/5sinif2donem1yazili-768x580.webp 768w, https:\/\/ingilizcekaynaklari.com\/wp-content\/uploads\/2026\/01\/5sinif2donem1yazili.webp 773w\" sizes=\"auto, (max-width: 300px) 100vw, 300px\" \/>\t\t\t\t\t<\/a>\n\t\t\t\t<\/div>\n\t\t\t\n\t\t\t<div class=\"hfe-post-content\">\n\t\t\t\t\t\t\t\t\t<h3 class=\"hfe-post-title\">\n\t\t\t\t\t\t<a href=\"https:\/\/ingilizcekaynaklari.com\/?p=278\" rel=\"bookmark\">\n\t\t\t\t\t\t\t[2026]\ud83d\udcd8 5. S\u0131n\u0131f \u0130ngilizce 2. D\u00f6nem 1. Yaz\u0131l\u0131 \u2013 \u00dccretsiz PDF\t\t\t\t\t\t<\/a>\n\t\t\t\t\t<\/h3>\n\t\t\t\t\n\t\t\t\t\t\t\t\t\t<div class=\"hfe-post-meta\">\n\t\t\t\t\t\t<span class=\"hfe-post-date\">Ocak 9, 2026<\/span><span class=\"hfe-meta-separator\"> | <\/span><span class=\"hfe-post-author\">by admin<\/span>\t\t\t\t\t<\/div>\n\t\t\t\t\n\t\t\t\t\t\t\t\t\t<div class=\"hfe-post-excerpt\">\n\t\t\t\t\t\tDe\u011ferli \u00f6\u011fretmenlerimiz ve sevgili \u00f6\u011frencilerimiz \ud83d\ude0a5. s\u0131n\u0131f \u0130ngilizce 2. d\u00f6nem 1. yaz\u0131l\u0131 s\u0131nav\u0131 i\u00e7in haz\u0131rlad\u0131\u011f\u0131m\u0131z \u00fccretsiz PDF yaz\u0131l\u0131y\u0131 sizlerle payla\u015f\u0131yoruz....\t\t\t\t\t<\/div>\n\t\t\t\t\n\t\t\t\t\t\t\t\t\t<a href=\"https:\/\/ingilizcekaynaklari.com\/?p=278\" class=\"hfe-read-more\" rel=\"bookmark\">\n\t\t\t\t\t\tDaha Fazla \u2192\t\t\t\t\t<\/a>\n\t\t\t\t\t\t\t<\/div>\n\t\t<\/article>\n\t\t\t\t<article class=\"hfe-post-card\">\n\t\t\t\t\t\t\t<div class=\"hfe-post-image\">\n\t\t\t\t\t<a href=\"https:\/\/ingilizcekaynaklari.com\/?p=222\" rel=\"bookmark\">\n\t\t\t\t\t\t<img loading=\"lazy\" decoding=\"async\" width=\"300\" height=\"210\" src=\"https:\/\/ingilizcekaynaklari.com\/wp-content\/uploads\/2026\/01\/mapy-300x210.webp\" class=\"attachment-medium size-medium wp-post-image\" alt=\"[A2\/B1\/B2] Haritada Yer Bulma Oyunu [\u0130ngilizce] \ud83d\uddfa\ufe0f\" loading=\"lazy\" srcset=\"https:\/\/ingilizcekaynaklari.com\/wp-content\/uploads\/2026\/01\/mapy-300x210.webp 300w, https:\/\/ingilizcekaynaklari.com\/wp-content\/uploads\/2026\/01\/mapy-768x538.webp 768w, https:\/\/ingilizcekaynaklari.com\/wp-content\/uploads\/2026\/01\/mapy.webp 917w\" sizes=\"auto, (max-width: 300px) 100vw, 300px\" \/>\t\t\t\t\t<\/a>\n\t\t\t\t<\/div>\n\t\t\t\n\t\t\t<div class=\"hfe-post-content\">\n\t\t\t\t\t\t\t\t\t<h3 class=\"hfe-post-title\">\n\t\t\t\t\t\t<a href=\"https:\/\/ingilizcekaynaklari.com\/?p=222\" rel=\"bookmark\">\n\t\t\t\t\t\t\t[A2\/B1\/B2] Haritada Yer Bulma Oyunu [\u0130ngilizce] \ud83d\uddfa\ufe0f\t\t\t\t\t\t<\/a>\n\t\t\t\t\t<\/h3>\n\t\t\t\t\n\t\t\t\t\t\t\t\t\t<div class=\"hfe-post-meta\">\n\t\t\t\t\t\t<span class=\"hfe-post-date\">Ocak 8, 2026<\/span><span class=\"hfe-meta-separator\"> | <\/span><span class=\"hfe-post-author\">by admin<\/span>\t\t\t\t\t<\/div>\n\t\t\t\t\n\t\t\t\t\t\t\t\t\t<div class=\"hfe-post-excerpt\">\n\t\t\t\t\t\t(A2,B1,B2) Kay\u0131p Yerleri Bulma | Harita Oyunu (Map Worksheet, Information Gap Activity) \ud83d\uddfa\ufe0f Seviye:\u00a0A2, B1 ve B2 [\u00d6nerilen] seviyesi \u00f6\u011frenciler...\t\t\t\t\t<\/div>\n\t\t\t\t\n\t\t\t\t\t\t\t\t\t<a href=\"https:\/\/ingilizcekaynaklari.com\/?p=222\" class=\"hfe-read-more\" rel=\"bookmark\">\n\t\t\t\t\t\tDaha Fazla \u2192\t\t\t\t\t<\/a>\n\t\t\t\t\t\t\t<\/div>\n\t\t<\/article>\n\t\t<\/div>\n\t\t\t\t<\/div>\n\t\t\t\t<\/div>\n\t\t\t\t\t<\/div>\n\t\t\t\t<\/div>\n\t\t<div class=\"elementor-element elementor-element-739087f e-flex e-con-boxed e-con e-parent\" data-id=\"739087f\" data-element_type=\"container\">\n\t\t\t\t\t<div class=\"e-con-inner\">\n\t\t<div class=\"elementor-element elementor-element-832caf3 e-grid e-con-full e-con e-child\" data-id=\"832caf3\" data-element_type=\"container\">\n\t\t\t\t<\/div>\n\t\t\t\t\t<\/div>\n\t\t\t\t<\/div>\n\t\t<div class=\"elementor-element elementor-element-dbad329 e-grid e-con-boxed e-con e-parent\" data-id=\"dbad329\" data-element_type=\"container\">\n\t\t\t\t\t<div class=\"e-con-inner\">\n\t\t\t\t<div class=\"elementor-element elementor-element-60c5fcd elementor-widget elementor-widget-text-editor\" data-id=\"60c5fcd\" data-element_type=\"widget\" data-widget_type=\"text-editor.default\">\n\t\t\t\t\t\t\t\t\t<h3>De\u011ferli \u00f6\u011fretmenlerimiz, mutluyuz \ud83d\ude0a<\/h3><p>MEB kazan\u0131mlar\u0131na uygun, s\u0131n\u0131f seviyesine g\u00f6re haz\u0131rlanm\u0131\u015f \u00fccretsiz ve kaliteli \u0130ngilizce materyalleri sizler i\u00e7in bir araya getiriyoruz. Sizler yorulmay\u0131n diye binlerce \u00fccretsiz materyali sitemizde payla\u015fmak gibi bir hayalimiz var. Bu y\u00fczden;<\/p><p>\ud83d\udd14 <strong data-start=\"1524\" data-end=\"1596\">Yeni materyallerden haberdar olmak i\u00e7in siteyi kaydetmeyi unutmay\u0131n.<\/strong><\/p><p>\u00a0<\/p><h3 data-start=\"873\" data-end=\"895\">\ud83c\udf81 Neden \u00dccretsiz?<\/h3><p data-start=\"896\" data-end=\"1099\">\u00d6\u011fretmenlerimizin i\u015f y\u00fck\u00fcn\u00fc hafifletmek ve kaliteli kaynaklara\u00a0<strong data-start=\"959\" data-end=\"995\">herkesin \u00fccretsiz ula\u015fabilmesini<\/strong>\u00a0sa\u011flamak istiyoruz.<\/p>\t\t\t\t\t\t\t\t<\/div>\n\t\t\t\t<div class=\"elementor-element elementor-element-77de710 elementor-widget elementor-widget-image\" data-id=\"77de710\" data-element_type=\"widget\" data-widget_type=\"image.default\">\n\t\t\t\t\t\t\t\t\t\t\t\t\t\t\t<img fetchpriority=\"high\" decoding=\"async\" width=\"1830\" height=\"998\" src=\"https:\/\/ingilizcekaynaklari.com\/wp-content\/uploads\/2026\/01\/ogretmenlerimiz.webp\" class=\"attachment-full size-full wp-image-357\" alt=\"\" srcset=\"https:\/\/ingilizcekaynaklari.com\/wp-content\/uploads\/2026\/01\/ogretmenlerimiz.webp 1830w, https:\/\/ingilizcekaynaklari.com\/wp-content\/uploads\/2026\/01\/ogretmenlerimiz-300x164.webp 300w, https:\/\/ingilizcekaynaklari.com\/wp-content\/uploads\/2026\/01\/ogretmenlerimiz-1024x558.webp 1024w, https:\/\/ingilizcekaynaklari.com\/wp-content\/uploads\/2026\/01\/ogretmenlerimiz-768x419.webp 768w, https:\/\/ingilizcekaynaklari.com\/wp-content\/uploads\/2026\/01\/ogretmenlerimiz-1536x838.webp 1536w\" sizes=\"(max-width: 1830px) 100vw, 1830px\" \/>\t\t\t\t\t\t\t\t\t\t\t\t\t\t\t<\/div>\n\t\t\t\t\t<\/div>\n\t\t\t\t<\/div>\n\t\t\t\t<\/div>\n\t\t","protected":false},"excerpt":{"rendered":"<p>En son: [\u00dcCRETS\u0130Z] IELTS Reading \u00c7al\u0131\u015fmas\u0131: &#8220;The Science of Speed&#8221; (Spor ve Teknoloji) Ocak 9, 2026 | by admin [\u00dcCRETS\u0130Z] IELTS Reading \u00c7al\u0131\u015fmas\u0131: &#8220;The Science of Speed&#8221; (Spor ve Teknoloji) IELTS Reading b\u00f6l\u00fcm\u00fcnde y\u00fcksek skor (Band 7.0+) hedefleyen \u00f6\u011frencilerim&#8230; Daha Fazla \u2192 [2026]\ud83d\udcd8 5. S\u0131n\u0131f \u0130ngilizce 2. D\u00f6nem 1. Yaz\u0131l\u0131 \u2013 \u00dccretsiz PDF Ocak 9, [&hellip;]<\/p>\n","protected":false},"author":1,"featured_media":0,"parent":0,"menu_order":0,"comment_status":"closed","ping_status":"closed","template":"","meta":{"_kadence_starter_templates_imported_post":false,"footnotes":""},"class_list":["post-160","page","type-page","status-publish","hentry"],"blocksy_meta":[],"_links":{"self":[{"href":"https:\/\/ingilizcekaynaklari.com\/index.php?rest_route=\/wp\/v2\/pages\/160","targetHints":{"allow":["GET"]}}],"collection":[{"href":"https:\/\/ingilizcekaynaklari.com\/index.php?rest_route=\/wp\/v2\/pages"}],"about":[{"href":"https:\/\/ingilizcekaynaklari.com\/index.php?rest_route=\/wp\/v2\/types\/page"}],"author":[{"embeddable":true,"href":"https:\/\/ingilizcekaynaklari.com\/index.php?rest_route=\/wp\/v2\/users\/1"}],"replies":[{"embeddable":true,"href":"https:\/\/ingilizcekaynaklari.com\/index.php?rest_route=%2Fwp%2Fv2%2Fcomments&post=160"}],"version-history":[{"count":26,"href":"https:\/\/ingilizcekaynaklari.com\/index.php?rest_route=\/wp\/v2\/pages\/160\/revisions"}],"predecessor-version":[{"id":360,"href":"https:\/\/ingilizcekaynaklari.com\/index.php?rest_route=\/wp\/v2\/pages\/160\/revisions\/360"}],"wp:attachment":[{"href":"https:\/\/ingilizcekaynaklari.com\/index.php?rest_route=%2Fwp%2Fv2%2Fmedia&parent=160"}],"curies":[{"name":"wp","href":"https:\/\/api.w.org\/{rel}","templated":true}]}}